{"id":37,"date":"2026-03-29T21:01:17","date_gmt":"2026-03-29T19:01:17","guid":{"rendered":"https:\/\/beachhouseystad.se\/impressum\/"},"modified":"2026-03-29T21:01:17","modified_gmt":"2026-03-29T19:01:17","slug":"impressum","status":"publish","type":"page","link":"https:\/\/beachhouseystad.se\/de\/impressum\/","title":{"rendered":"Impressum"},"content":{"rendered":"<p>Dieses Dokument legt die allgemeinen Gesch\u00e4ftsbedingungen fest, unter denen die Nutzung der Website <strong>https:\/\/beachhouseystad.se<\/strong> geregelt ist, im Folgenden als Verzeichnis bezeichnet. Der Zugriff und die Nutzung dieser Website verleihen den Status eines Nutzers und implizieren die vollst\u00e4ndige und vorbehaltlose Annahme aller Bestimmungen, die in diesem Impressum enthalten sind.<\/p>\n<h2>Verantwortlicher f\u00fcr die Datenverarbeitung<\/h2>\n<p>Der Inhaber dieser Website ist der Inhaber von <strong>Bienvenido a beachhouseystad.se<\/strong>.<\/p>\n<ul>\n<li><strong>Name der Website:<\/strong> Bienvenido a beachhouseystad.se<\/li>\n<\/ul>\n<h2>Geistiges Eigentum<\/h2>\n<p>Alle Inhalte der Website, einschlie\u00dflich Texten, Grafiken, Logos, Bildern, Grafikdesign, Quellcode und Software, sind das ausschlie\u00dfliche Eigentum des Inhabers des Verzeichnisses oder Dritter, die deren Nutzung autorisiert haben. Sie sind durch Gesetze zum Schutz des geistigen und gewerblichen Eigentums gesch\u00fctzt.<\/p>\n<p>Die Vervielf\u00e4ltigung, Verbreitung, \u00f6ffentliche Wiedergabe, Umwandlung oder jede andere Form der Verwertung aller oder eines Teils der Inhalte ohne die vorherige schriftliche Genehmigung ihrer rechtm\u00e4\u00dfigen Eigent\u00fcmer ist strengstens untersagt.<\/p>\n<p>Marken und Handelsnamen Dritter, die im Verzeichnis erscheinen k\u00f6nnen, sind Eigentum ihrer jeweiligen Inhaber. Ihre Aufnahme impliziert keine Assoziations-, Kooperations- oder Beteiligungsbeziehung zwischen uns und den besagten Inhabern.<\/p>\n<h2>Haftungsausschluss<\/h2>\n<p>Der Inhalt dieses Verzeichnisses wird zu Informationszwecken angeboten. Der Website-Inhaber unternimmt gr\u00f6\u00dfte Anstrengungen, um sicherzustellen, dass die Informationen korrekt und aktuell sind; er kann jedoch weder die Fehlerfreiheit noch die vollst\u00e4ndige Richtigkeit der Informationen garantieren.<\/p>\n<p>Wir sind nicht verantwortlich f\u00fcr Entscheidungen, die auf der Grundlage der auf dem Portal bereitgestellten Informationen getroffen werden, noch f\u00fcr Sch\u00e4den und Verluste, die dem Nutzer oder Dritten durch auf solchen Informationen basierende Handlungen entstehen.<\/p>\n<h2>Links zu Drittanbietern<\/h2>\n<p>Das Verzeichnis kann Links zu Websites Dritter enthalten, \u00fcber die wir keine Kontrolle haben und f\u00fcr die wir keine Verantwortung \u00fcbernehmen. Die Aufnahme dieser Links impliziert keine Empfehlung oder Billigung ihrer Inhalte.<\/p>\n<p>Wir empfehlen Nutzern, die Allgemeinen Gesch\u00e4ftsbedingungen und Datenschutzrichtlinien aller von ihnen besuchten Websites Dritter zu lesen.<\/p>\n<h2>Haftungsbeschr\u00e4nkung<\/h2>\n<p>Der Zugriff auf das Verzeichnis kann aus Wartungs-, Reparatur- oder Aktualisierungsgr\u00fcnden vor\u00fcbergehend ausgesetzt werden. Wir garantieren nicht, dass der Dienst unterbrechungsfrei oder frei von technischen Fehlern ist.<\/p>\n<p>Im gr\u00f6\u00dftm\u00f6glichen gesetzlich zul\u00e4ssigen Umfang schlie\u00dft der Eigent\u00fcmer jegliche Haftung f\u00fcr Sch\u00e4den jeglicher Art aus, die auf die mangelnde Verf\u00fcgbarkeit oder Kontinuit\u00e4t des Betriebs des Verzeichnisses zur\u00fcckzuf\u00fchren sind.<\/p>\n<p>Der Nutzer erkennt an und akzeptiert, dass er das Verzeichnis und seine Dienste auf eigene und ausschlie\u00dfliche Verantwortung nutzt.<\/p>\n","protected":false},"excerpt":{"rendered":"<p>Dieses Dokument legt die allgemeinen Gesch\u00e4ftsbedingungen fest, unter denen die Nutzung der Website https:\/\/beachhouseystad.se geregelt ist, im Folgenden als Verzeichnis bezeichnet. Der Zugriff und die Nutzung dieser Website verleihen den Status eines Nutzers und implizieren die vollst\u00e4ndige und vorbehaltlose Annahme aller Bestimmungen, die in diesem Impressum enthalten sind. Verantwortlicher f\u00fcr die Datenverarbeitung Der Inhaber dieser<a href=\"https:\/\/beachhouseystad.se\/de\/impressum\/\">Weiterlesen <span class=\"sr-only\">&#8222;Impressum&#8220;<\/span><\/a><\/p>\n","protected":false},"author":1,"featured_media":0,"parent":0,"menu_order":0,"comment_status":"closed","ping_status":"closed","template":"","meta":{"footnotes":""},"class_list":["post-37","page","type-page","status-publish","hentry"],"_links":{"self":[{"href":"https:\/\/beachhouseystad.se\/de\/wp-json\/wp\/v2\/pages\/37","targetHints":{"allow":["GET"]}}],"collection":[{"href":"https:\/\/beachhouseystad.se\/de\/wp-json\/wp\/v2\/pages"}],"about":[{"href":"https:\/\/beachhouseystad.se\/de\/wp-json\/wp\/v2\/types\/page"}],"author":[{"embeddable":true,"href":"https:\/\/beachhouseystad.se\/de\/wp-json\/wp\/v2\/users\/1"}],"replies":[{"embeddable":true,"href":"https:\/\/beachhouseystad.se\/de\/wp-json\/wp\/v2\/comments?post=37"}],"version-history":[{"count":0,"href":"https:\/\/beachhouseystad.se\/de\/wp-json\/wp\/v2\/pages\/37\/revisions"}],"wp:attachment":[{"href":"https:\/\/beachhouseystad.se\/de\/wp-json\/wp\/v2\/media?parent=37"}],"curies":[{"name":"wp","href":"https:\/\/api.w.org\/{rel}","templated":true}]}}