{"id":29,"date":"2026-03-29T21:01:16","date_gmt":"2026-03-29T19:01:16","guid":{"rendered":"https:\/\/beachhouseystad.se\/cookie-richtlinie\/"},"modified":"2026-03-29T21:01:16","modified_gmt":"2026-03-29T19:01:16","slug":"cookie-richtlinie","status":"publish","type":"page","link":"https:\/\/beachhouseystad.se\/de\/cookie-richtlinie\/","title":{"rendered":"Cookie-Richtlinie"},"content":{"rendered":"<p>Diese Cookie-Richtlinie erkl\u00e4rt, was Cookies sind und wie wir sie auf <strong>Bienvenido a beachhouseystad.se<\/strong> verwenden. Indem Sie unsere Domain nutzen, akzeptieren Sie die Verwendung von Cookies gem\u00e4\u00df den in dieser Richtlinie beschriebenen Bedingungen.<\/p>\n<p>F\u00fcr weitere Informationen dar\u00fcber, wie wir Ihre pers\u00f6nlichen Daten nutzen, speichern und sicher aufbewahren, beachten Sie bitte unsere <a href=\"https:\/\/beachhouseystad.se\/datenschutzerklaerung\">Datenschutzerkl\u00e4rung<\/a>.<\/p>\n<h2>Was sind Cookies?<\/h2>\n<p>Cookies sind kleine Textdateien, die Websites, die Sie besuchen, auf Ihrem Ger\u00e4t (Computer, Tablet oder Mobiltelefon) ablegen. Sie werden verwendet, um Websites effizient funktionieren zu lassen, Ihre Pr\u00e4ferenzen zu speichern und Inhalte und Werbung zu personalisieren.<\/p>\n<h2>Arten von Cookies, die wir verwenden, und ihr Zweck<\/h2>\n<p>Wir verwenden verschiedene Arten von Cookies, abh\u00e4ngig von ihrem Zweck, ihrer Dauer und der Domain, die sie verwaltet. Hier erl\u00e4utern wir die Hauptkategorien:<\/p>\n<ul>\n<li>\n<p><strong>Essenzielle\/Notwendige Cookies:<\/strong> Sie sind f\u00fcr die grundlegende Funktion der Website unerl\u00e4sslich und erm\u00f6glichen Ihnen die Navigation und die Nutzung wichtiger Funktionen.<\/p>\n<\/li>\n<li>\n<p><strong>Funktionalit\u00e4ts-Cookies:<\/strong> Sie erm\u00f6glichen es der Website, sich an Ihre Auswahl (wie Sprache oder Region) zu erinnern und erweiterte und pers\u00f6nlichere Funktionen bereitzustellen.<\/p>\n<\/li>\n<li>\n<p><strong>Analyse- und Performance-Cookies:<\/strong> Sie sammeln anonyme Informationen dar\u00fcber, wie Besucher unsere Website nutzen (meistbesuchte Seiten, Fehler usw.), um uns bei der Verbesserung ihres Betriebs zu helfen.<\/p>\n<\/li>\n<li>\n<p><strong>Werbe- oder Targeting-Cookies:<\/strong> Sie werden verwendet, um Anzeigen zu schalten, die relevanter f\u00fcr Sie und Ihre Interessen sind. Sie werden oft von Werbenetzwerken mit unserer Erlaubnis platziert.<\/p>\n<\/li>\n<\/ul>\n<h2>Tabelle der Cookies, die wir verwenden<\/h2>\n<p>Nachfolgend erl\u00e4utern wir die g\u00e4ngigsten Cookies, die wir auf unserer Website verwenden k\u00f6nnen. Bitte beachten Sie, dass diese Liste variieren und regelm\u00e4\u00dfig aktualisiert wird.<\/p>\n<div class=\"overflow-x-auto\">\n<table>\n<thead>\n<tr>\n<th>Name<\/th>\n<th>Anbieter<\/th>\n<th>Zweck<\/th>\n<th>Dauer<\/th>\n<th>Typ<\/th>\n<\/tr>\n<\/thead>\n<tbody>\n<tr>\n<td><strong>_ga<\/strong><\/td>\n<td>Google Analytics<\/td>\n<td>Dient dazu, Benutzer zu unterscheiden und den Website-Verkehr anonym zu analysieren.<\/td>\n<td>2 Jahre<\/td>\n<td>Analysen<\/td>\n<\/tr>\n<tr>\n<td><strong>session_id<\/strong><\/td>\n<td>Bienvenido a beachhouseystad.se<\/td>\n<td>H\u00e4lt die Benutzersitzung w\u00e4hrend der Navigation aktiv.<\/td>\n<td>Sitzung<\/td>\n<td>Essenziell<\/td>\n<\/tr>\n<tr>\n<td><strong>cookie_consent<\/strong><\/td>\n<td>Bienvenido a beachhouseystad.se<\/td>\n<td>Speichert den Cookie-Zustimmungsstatus des Benutzers.<\/td>\n<td>1 Jahr<\/td>\n<td>Funktional<\/td>\n<\/tr>\n<tr>\n<td><strong>_gid<\/strong><\/td>\n<td>Google Analytics<\/td>\n<td>Erfasst eine eindeutige ID zur Generierung statistischer Daten.<\/td>\n<td>24 Stunden<\/td>\n<td>Analysen<\/td>\n<\/tr>\n<tr>\n<td><strong>ad_prefs<\/strong><\/td>\n<td>AdSense \/ Werbung<\/td>\n<td>Erm\u00f6glicht die Personalisierung von Werbung, die dem Nutzer aufgrund seiner Interessen angezeigt wird.<\/td>\n<td>6 Monate<\/td>\n<td>Werbung<\/td>\n<\/tr>\n<\/tbody>\n<\/table>\n<\/div>\n<h2>Wie verwaltet man Cookies?<\/h2>\n<p>Sie k\u00f6nnen Ihre Cookie-Einstellungen direkt in Ihren Browsereinstellungen verwalten. Die meisten Browser erlauben es Ihnen, Cookies abzulehnen oder zu l\u00f6schen. Bitte beachten Sie jedoch, dass das Deaktivieren von Cookies die Funktionalit\u00e4t der Website beeintr\u00e4chtigen kann.<\/p>\n<p>Nachfolgend finden Sie Links zu den Hilfeseiten der g\u00e4ngigsten Browser:<\/p>\n<ul>\n<li>Chrome: <a href=\"https:\/\/support.google.com\/accounts\/answer\/32050\" target=\"_blank\" rel=\"noopener noreferrer nofollow\">Chrome Hilfelink<\/a><\/li>\n<li>Firefox: <a href=\"https:\/\/support.mozilla.org\/kb\/enhanced-tracking-protection-firefox-desktop\" target=\"_blank\" rel=\"noopener noreferrer nofollow\">Firefox Hilfe-Link<\/a><\/li>\n<li>Safari: <a href=\"https:\/\/support.apple.com\/guide\/safari\/manage-cookies-and-website-data-sfri11471\/mac\" target=\"_blank\" rel=\"noopener noreferrer nofollow\">Safari Hilfe-Link<\/a><\/li>\n<li>Edge: <a href=\"https:\/\/support.microsoft.com\/help\/4027947\/microsoft-edge-delete-cookies\" target=\"_blank\" rel=\"noopener noreferrer nofollow\">Edge Hilfe-Link<\/a><\/li>\n<\/ul>\n<h2>Kontakt<\/h2>\n<p>Wenn Sie Fragen zu dieser Cookie-Richtlinie haben, k\u00f6nnen Sie uns \u00fcber unsere <a href=\"https:\/\/beachhouseystad.se\/de\/kontakt\/\">Kontaktseite<\/a> kontaktieren.<\/p>\n","protected":false},"excerpt":{"rendered":"<p>Diese Cookie-Richtlinie erkl\u00e4rt, was Cookies sind und wie wir sie auf Bienvenido a beachhouseystad.se verwenden. Indem Sie unsere Domain nutzen, akzeptieren Sie die Verwendung von Cookies gem\u00e4\u00df den in dieser Richtlinie beschriebenen Bedingungen. F\u00fcr weitere Informationen dar\u00fcber, wie wir Ihre pers\u00f6nlichen Daten nutzen, speichern und sicher aufbewahren, beachten Sie bitte unsere Datenschutzerkl\u00e4rung. Was sind Cookies?<a href=\"https:\/\/beachhouseystad.se\/de\/cookie-richtlinie\/\">Weiterlesen <span class=\"sr-only\">&#8222;Cookie-Richtlinie&#8220;<\/span><\/a><\/p>\n","protected":false},"author":1,"featured_media":0,"parent":0,"menu_order":0,"comment_status":"closed","ping_status":"closed","template":"","meta":{"footnotes":""},"class_list":["post-29","page","type-page","status-publish","hentry"],"_links":{"self":[{"href":"https:\/\/beachhouseystad.se\/de\/wp-json\/wp\/v2\/pages\/29","targetHints":{"allow":["GET"]}}],"collection":[{"href":"https:\/\/beachhouseystad.se\/de\/wp-json\/wp\/v2\/pages"}],"about":[{"href":"https:\/\/beachhouseystad.se\/de\/wp-json\/wp\/v2\/types\/page"}],"author":[{"embeddable":true,"href":"https:\/\/beachhouseystad.se\/de\/wp-json\/wp\/v2\/users\/1"}],"replies":[{"embeddable":true,"href":"https:\/\/beachhouseystad.se\/de\/wp-json\/wp\/v2\/comments?post=29"}],"version-history":[{"count":0,"href":"https:\/\/beachhouseystad.se\/de\/wp-json\/wp\/v2\/pages\/29\/revisions"}],"wp:attachment":[{"href":"https:\/\/beachhouseystad.se\/de\/wp-json\/wp\/v2\/media?parent=29"}],"curies":[{"name":"wp","href":"https:\/\/api.w.org\/{rel}","templated":true}]}}