{"id":35,"date":"2026-03-29T21:01:17","date_gmt":"2026-03-29T19:01:17","guid":{"rendered":"https:\/\/beachhouseystad.se\/juridisk-meddelelse\/"},"modified":"2026-03-29T21:01:17","modified_gmt":"2026-03-29T19:01:17","slug":"juridisk-meddelelse","status":"publish","type":"page","link":"https:\/\/beachhouseystad.se\/da\/juridisk-meddelelse\/","title":{"rendered":"Juridisk Meddelelse"},"content":{"rendered":"<p>Dette dokument fastl\u00e6gger de vilk\u00e5r og betingelser, der regulerer brugen af webstedet <strong>https:\/\/beachhouseystad.se<\/strong>, herefter ben\u00e6vnt Registeret. Adgang og brug af dette websted giver brugerstatus og indeb\u00e6rer fuld og uforbeholden accept af alle bestemmelserne i denne Juridiske Meddelelse.<\/p>\n<h2>Dataansvarlig<\/h2>\n<p>Ejeren af denne hjemmeside er ejer af <strong>Bienvenido a beachhouseystad.se<\/strong>.<\/p>\n<ul>\n<li><strong>Hjemmeside Navn:<\/strong> Bienvenido a beachhouseystad.se<\/li>\n<\/ul>\n<h2>Immateriel Ejendom<\/h2>\n<p>Alt indhold p\u00e5 siden, inklusive tekst, grafik, logoer, billeder, grafisk design, kildekode og software, er den eksklusive ejendom tilh\u00f8rende mappe-ejeren eller tredjeparter, der har godkendt dets brug. De er beskyttet af love om intellektuel og industriel ejendomsret.<\/p>\n<p>Gengivelse, distribution, offentligg\u00f8relse, bearbejdning eller enhver anden form for udnyttelse af hele eller dele af indholdet uden forudg\u00e5ende skriftlig tilladelse fra deres retm\u00e6ssige ejere er strengt forbudt.<\/p>\n<p>Tredjeparts varem\u00e6rker og handelsnavne, der m\u00e5tte optr\u00e6de i Registeret, er deres respektive ejeres ejendom. Deres inklusion medf\u00f8rer ikke eksistensen af et tilknytnings-, samarbejds- eller deltagelsesforhold mellem os og n\u00e6vnte ejere.<\/p>\n<h2>Ansvarsfraskrivelse<\/h2>\n<p>Indholdet i dette Register tilbydes udelukkende til informationsform\u00e5l. Hjemmesidens ejer g\u00f8r sit bedste for at sikre, at informationen er korrekt og opdateret; den kan dog ikke garantere frav\u00e6ret af fejl eller den fuldst\u00e6ndige n\u00f8jagtighed af informationen.<\/p>\n<p>Vi er ikke ansvarlige for beslutninger truffet baseret p\u00e5 informationen givet p\u00e5 portalen, ej heller for skader og tab for\u00e5rsaget brugeren eller tredjeparter af handlinger baseret p\u00e5 s\u00e5dan information.<\/p>\n<h2>Tredjepartslinks<\/h2>\n<p>Kataloget kan indeholde links til tredjepartswebsteder, som vi ikke har kontrol over, og som vi ikke p\u00e5tager os noget ansvar for. Inkluderingen af disse links indeb\u00e6rer ikke en anbefaling eller godkendelse af deres indhold.<\/p>\n<p>Vi anbefaler, at brugere l\u00e6ser vilk\u00e5r og betingelser samt privatlivspolitikker for alle tredjepartswebsteder, de bes\u00f8ger.<\/p>\n<h2>Ansvarsbegr\u00e6nsning<\/h2>\n<p>Adgang til Kataloget kan midlertidigt suspenderes p\u00e5 grund af vedligeholdelse, reparation eller opdatering. Vi garanterer ikke, at tjenesten vil v\u00e6re uafbrudt eller fri for tekniske fejl.<\/p>\n<p>I videst muligt omfang tilladt ved lov, fraskriver ejeren sig ethvert ansvar for skader af enhver art, der m\u00e5tte skyldes manglende tilg\u00e6ngelighed eller kontinuitet i Katalogets drift.<\/p>\n<p>Brugeren anerkender og accepterer, at de bruger Kataloget og dets tjenester p\u00e5 eget og eksklusivt ansvar.<\/p>\n","protected":false},"excerpt":{"rendered":"<p>Dette dokument fastl\u00e6gger de vilk\u00e5r og betingelser, der regulerer brugen af webstedet https:\/\/beachhouseystad.se, herefter ben\u00e6vnt Registeret. Adgang og brug af dette websted giver brugerstatus og indeb\u00e6rer fuld og uforbeholden accept af alle bestemmelserne i denne Juridiske Meddelelse. Dataansvarlig Ejeren af denne hjemmeside er ejer af Bienvenido a beachhouseystad.se. Hjemmeside Navn: Bienvenido a beachhouseystad.se Immateriel Ejendom<a href=\"https:\/\/beachhouseystad.se\/da\/juridisk-meddelelse\/\">Forts\u00e6t l\u00e6sning <span class=\"sr-only\">&#8220;Juridisk Meddelelse&#8221;<\/span><\/a><\/p>\n","protected":false},"author":1,"featured_media":0,"parent":0,"menu_order":0,"comment_status":"closed","ping_status":"closed","template":"","meta":{"footnotes":""},"class_list":["post-35","page","type-page","status-publish","hentry"],"_links":{"self":[{"href":"https:\/\/beachhouseystad.se\/da\/wp-json\/wp\/v2\/pages\/35","targetHints":{"allow":["GET"]}}],"collection":[{"href":"https:\/\/beachhouseystad.se\/da\/wp-json\/wp\/v2\/pages"}],"about":[{"href":"https:\/\/beachhouseystad.se\/da\/wp-json\/wp\/v2\/types\/page"}],"author":[{"embeddable":true,"href":"https:\/\/beachhouseystad.se\/da\/wp-json\/wp\/v2\/users\/1"}],"replies":[{"embeddable":true,"href":"https:\/\/beachhouseystad.se\/da\/wp-json\/wp\/v2\/comments?post=35"}],"version-history":[{"count":0,"href":"https:\/\/beachhouseystad.se\/da\/wp-json\/wp\/v2\/pages\/35\/revisions"}],"wp:attachment":[{"href":"https:\/\/beachhouseystad.se\/da\/wp-json\/wp\/v2\/media?parent=35"}],"curies":[{"name":"wp","href":"https:\/\/api.w.org\/{rel}","templated":true}]}}