{"id":27,"date":"2026-03-29T21:01:15","date_gmt":"2026-03-29T19:01:15","guid":{"rendered":"https:\/\/beachhouseystad.se\/cookiepolitik\/"},"modified":"2026-03-29T21:01:15","modified_gmt":"2026-03-29T19:01:15","slug":"cookiepolitik","status":"publish","type":"page","link":"https:\/\/beachhouseystad.se\/da\/cookiepolitik\/","title":{"rendered":"Cookiepolitik"},"content":{"rendered":"<p>Denne Cookiepolitik forklarer, hvad cookies er, og hvordan vi bruger dem p\u00e5 <strong>Bienvenido a beachhouseystad.se<\/strong>. Ved at bruge vores dom\u00e6ne accepterer du brugen af cookies under de betingelser, der er beskrevet i denne politik.<\/p>\n<p>For mere information om, hvordan vi bruger, opbevarer og holder dine personlige data sikre, se venligst vores <a href=\"https:\/\/beachhouseystad.se\/privatlivspolitik\">Privatlivspolitik<\/a>.<\/p>\n<h2>Hvad er cookies?<\/h2>\n<p>Cookies er sm\u00e5 tekstfiler, som websteder, du bes\u00f8ger, placerer p\u00e5 din enhed (computer, tablet eller mobiltelefon). De bruges til at f\u00e5 websteder til at fungere effektivt, huske dine pr\u00e6ferencer og personalisere indhold og annoncering.<\/p>\n<h2>Typer af cookies vi bruger og deres form\u00e5l<\/h2>\n<p>Vi bruger forskellige typer cookies afh\u00e6ngigt af deres form\u00e5l, varighed og det dom\u00e6ne, der administrerer dem. Her detaljerer vi hovedkategorierne:<\/p>\n<ul>\n<li>\n<p><strong>V\u00e6sentlige\/N\u00f8dvendige Cookies:<\/strong> De er v\u00e6sentlige for den grundl\u00e6ggende funktion af webstedet, s\u00e5 du kan navigere og bruge n\u00f8glefunktioner.<\/p>\n<\/li>\n<li>\n<p><strong>Funktionalitets-Cookies:<\/strong> De giver hjemmesiden mulighed for at huske de valg, du tr\u00e6ffer (s\u00e5som sprog eller region) og give forbedrede og mere personlige funktioner.<\/p>\n<\/li>\n<li>\n<p><strong>Analyse- og ydeevnecookies:<\/strong> De indsamler anonym information om, hvordan bes\u00f8gende bruger vores side (mest bes\u00f8gte sider, fejl osv.) for at hj\u00e6lpe os med at forbedre dens funktion.<\/p>\n<\/li>\n<li>\n<p><strong>Annonce- eller m\u00e5lretningscookies:<\/strong> De bruges til at levere annoncer, der er mere relevante for dig og dine interesser. De placeres ofte af annoncenetv\u00e6rk med vores tilladelse.<\/p>\n<\/li>\n<\/ul>\n<h2>Tabel over cookies vi bruger<\/h2>\n<p>Nedenfor beskriver vi de mest almindelige cookies, vi kan bruge p\u00e5 vores side. Bem\u00e6rk venligst, at denne liste kan variere og opdateres periodisk.<\/p>\n<div class=\"overflow-x-auto\">\n<table>\n<thead>\n<tr>\n<th>Navn<\/th>\n<th>Udbyder<\/th>\n<th>Form\u00e5l<\/th>\n<th>Varighed<\/th>\n<th>Type<\/th>\n<\/tr>\n<\/thead>\n<tbody>\n<tr>\n<td><strong>_ga<\/strong><\/td>\n<td>Google Analytics<\/td>\n<td>Bruges til at skelne brugere og analysere sidetrafik anonymt.<\/td>\n<td>2 \u00e5r<\/td>\n<td>Analyse<\/td>\n<\/tr>\n<tr>\n<td><strong>session_id<\/strong><\/td>\n<td>Bienvenido a beachhouseystad.se<\/td>\n<td>Holder brugersessionen aktiv under navigation.<\/td>\n<td>Session<\/td>\n<td>V\u00e6sentlig<\/td>\n<\/tr>\n<tr>\n<td><strong>cookie_consent<\/strong><\/td>\n<td>Bienvenido a beachhouseystad.se<\/td>\n<td>Gemmer brugerens cookie-samtykkestatus.<\/td>\n<td>1 \u00e5r<\/td>\n<td>Funktionel<\/td>\n<\/tr>\n<tr>\n<td><strong>_gid<\/strong><\/td>\n<td>Google Analytics<\/td>\n<td>Registrerer et unikt ID for at generere statistiske data.<\/td>\n<td>24 timer<\/td>\n<td>Analyse<\/td>\n<\/tr>\n<tr>\n<td><strong>ad_prefs<\/strong><\/td>\n<td>AdSense \/ Reklame<\/td>\n<td>Tillader personalisering af reklamer vist til brugeren baseret p\u00e5 dennes interesser.<\/td>\n<td>6 m\u00e5neder<\/td>\n<td>Reklame<\/td>\n<\/tr>\n<\/tbody>\n<\/table>\n<\/div>\n<h2>Hvordan administrerer man cookies?<\/h2>\n<p>Du kan administrere dine cookiepr\u00e6ferencer direkte i dine browserindstillinger. De fleste browsere giver dig mulighed for at afvise eller slette cookies. Bem\u00e6rk dog, at deaktivering af cookies kan p\u00e5virke sidens funktionalitet.<\/p>\n<p>Nedenfor er links til hj\u00e6lpesiderne for de mest almindelige browsere:<\/p>\n<ul>\n<li>Chrome: <a href=\"https:\/\/support.google.com\/accounts\/answer\/32050\" target=\"_blank\" rel=\"noopener noreferrer nofollow\">Chrome Hj\u00e6lpelink<\/a><\/li>\n<li>Firefox: <a href=\"https:\/\/support.mozilla.org\/kb\/enhanced-tracking-protection-firefox-desktop\" target=\"_blank\" rel=\"noopener noreferrer nofollow\">Firefox Hj\u00e6lpelink<\/a><\/li>\n<li>Safari: <a href=\"https:\/\/support.apple.com\/guide\/safari\/manage-cookies-and-website-data-sfri11471\/mac\" target=\"_blank\" rel=\"noopener noreferrer nofollow\">Safari Hj\u00e6lpelink<\/a><\/li>\n<li>Edge: <a href=\"https:\/\/support.microsoft.com\/help\/4027947\/microsoft-edge-delete-cookies\" target=\"_blank\" rel=\"noopener noreferrer nofollow\">Edge Hj\u00e6lpelink<\/a><\/li>\n<\/ul>\n<h2>Kontakt<\/h2>\n<p>Hvis du har sp\u00f8rgsm\u00e5l til denne cookiepolitik, kan du kontakte os via vores <a href=\"https:\/\/beachhouseystad.se\/da\/kontakt\/\">kontaktside<\/a>.<\/p>\n","protected":false},"excerpt":{"rendered":"<p>Denne Cookiepolitik forklarer, hvad cookies er, og hvordan vi bruger dem p\u00e5 Bienvenido a beachhouseystad.se. Ved at bruge vores dom\u00e6ne accepterer du brugen af cookies under de betingelser, der er beskrevet i denne politik. For mere information om, hvordan vi bruger, opbevarer og holder dine personlige data sikre, se venligst vores Privatlivspolitik. Hvad er cookies?<a href=\"https:\/\/beachhouseystad.se\/da\/cookiepolitik\/\">Forts\u00e6t l\u00e6sning <span class=\"sr-only\">&#8220;Cookiepolitik&#8221;<\/span><\/a><\/p>\n","protected":false},"author":1,"featured_media":0,"parent":0,"menu_order":0,"comment_status":"closed","ping_status":"closed","template":"","meta":{"footnotes":""},"class_list":["post-27","page","type-page","status-publish","hentry"],"_links":{"self":[{"href":"https:\/\/beachhouseystad.se\/da\/wp-json\/wp\/v2\/pages\/27","targetHints":{"allow":["GET"]}}],"collection":[{"href":"https:\/\/beachhouseystad.se\/da\/wp-json\/wp\/v2\/pages"}],"about":[{"href":"https:\/\/beachhouseystad.se\/da\/wp-json\/wp\/v2\/types\/page"}],"author":[{"embeddable":true,"href":"https:\/\/beachhouseystad.se\/da\/wp-json\/wp\/v2\/users\/1"}],"replies":[{"embeddable":true,"href":"https:\/\/beachhouseystad.se\/da\/wp-json\/wp\/v2\/comments?post=27"}],"version-history":[{"count":0,"href":"https:\/\/beachhouseystad.se\/da\/wp-json\/wp\/v2\/pages\/27\/revisions"}],"wp:attachment":[{"href":"https:\/\/beachhouseystad.se\/da\/wp-json\/wp\/v2\/media?parent=27"}],"curies":[{"name":"wp","href":"https:\/\/api.w.org\/{rel}","templated":true}]}}